{"id":68,"date":"2021-04-14T18:09:59","date_gmt":"2021-04-14T17:09:59","guid":{"rendered":"https:\/\/echappeesamericaines.com\/index.php\/mentions-legales\/"},"modified":"2023-03-06T13:33:07","modified_gmt":"2023-03-06T12:33:07","slug":"mentions-legales","status":"publish","type":"page","link":"https:\/\/echappeesamericaines.com\/index.php\/mentions-legales\/","title":{"rendered":"Mentions l\u00e9gales"},"content":{"rendered":"\t\t<div data-elementor-type=\"wp-page\" data-elementor-id=\"68\" class=\"elementor elementor-68\" data-elementor-settings=\"{&quot;ha_cmc_init_switcher&quot;:&quot;no&quot;}\">\n\t\t\t\t\t\t<section class=\"elementor-section elementor-top-section elementor-element elementor-element-1ca113b5 elementor-section-height-min-height elementor-section-boxed elementor-section-height-default elementor-section-items-middle\" data-id=\"1ca113b5\" data-element_type=\"section\" data-settings=\"{&quot;background_background&quot;:&quot;classic&quot;,&quot;_ha_eqh_enable&quot;:false}\">\n\t\t\t\t\t\t\t<div class=\"elementor-background-overlay\"><\/div>\n\t\t\t\t\t\t\t<div class=\"elementor-container elementor-column-gap-default\">\n\t\t\t\t\t<div class=\"elementor-column elementor-col-100 elementor-top-column elementor-element elementor-element-70469062\" data-id=\"70469062\" data-element_type=\"column\" data-settings=\"{&quot;background_background&quot;:&quot;classic&quot;}\">\n\t\t\t<div class=\"elementor-widget-wrap elementor-element-populated\">\n\t\t\t\t\t\t<div class=\"elementor-element elementor-element-78c04476 elementor-widget elementor-widget-heading\" data-id=\"78c04476\" data-element_type=\"widget\" data-widget_type=\"heading.default\">\n\t\t\t\t<div class=\"elementor-widget-container\">\n\t\t\t\t\t<h1 class=\"elementor-heading-title elementor-size-medium\">Ins\u00e9rer ici le titre H1 de la page<\/h1>\t\t\t\t<\/div>\n\t\t\t\t<\/div>\n\t\t\t\t\t<\/div>\n\t\t<\/div>\n\t\t\t\t\t<\/div>\n\t\t<\/section>\n\t\t\t\t<section class=\"elementor-section elementor-top-section elementor-element elementor-element-318e7720 elementor-section-boxed elementor-section-height-default elementor-section-height-default\" data-id=\"318e7720\" data-element_type=\"section\" data-settings=\"{&quot;_ha_eqh_enable&quot;:false}\">\n\t\t\t\t\t\t<div class=\"elementor-container elementor-column-gap-default\">\n\t\t\t\t\t<div class=\"elementor-column elementor-col-100 elementor-top-column elementor-element elementor-element-4987920a\" data-id=\"4987920a\" data-element_type=\"column\">\n\t\t\t<div class=\"elementor-widget-wrap elementor-element-populated\">\n\t\t\t\t\t\t<div class=\"elementor-element elementor-element-717d648f elementor-widget elementor-widget-text-editor\" data-id=\"717d648f\" data-element_type=\"widget\" data-widget_type=\"text-editor.default\">\n\t\t\t\t<div class=\"elementor-widget-container\">\n\t\t\t\t\t\t\t\t\t<p><span style=\"font-weight: 400;\">En vertu de l\u2019Article 6 de la Loi n\u00b02004-575 du 21 juin 2004 pour la Confiance dans l\u2019\u00e9conomie num\u00e9rique, il est pr\u00e9cis\u00e9 aux utilisateurs du site Internet<\/span><a href=\"https:\/\/echappeesamericaines.com\/\"> <span style=\"font-weight: 400;\">https:\/\/echappeesamericaines.com<\/span><\/a><span style=\"font-weight: 400;\"> (ci-apr\u00e8s d\u00e9sign\u00e9 le \u201cSite\u201d) l\u2019identit\u00e9 des diff\u00e9rents intervenants dans le cadre de sa r\u00e9alisation et de son suivi.<\/span><\/p><p><span style=\"font-weight: 400;\"><strong>EDITEUR<\/strong> : Entreprise Individuelle S\u00e9verine Vidon aussi d\u00e9sign\u00e9e sous son nom commercial Echapp\u00e9es Am\u00e9ricaines.<\/span><\/p><p><span style=\"font-weight: 400;\"><strong>SI\u00c8GE SOCIAL<\/strong>\u00a0: 27 rue F\u00e9nelon, 69006 LYON<\/span><\/p><p><span style=\"font-weight: 400;\"><strong>NUM\u00e9RO SIRET<\/strong>: 922 921 762 00014<\/span><\/p><p><span style=\"font-weight: 400;\"><strong>CONTACT<\/strong> : <\/span><span style=\"font-weight: 400;\">severine@echappeesamericaines.com<\/span><\/p><p><span style=\"font-weight: 400;\">La directrice de publication est S\u00e9verine Vidon, joignable aux coordonn\u00e9es pr\u00e9cit\u00e9es.<\/span><span style=\"font-weight: 400;\">\u00a0<\/span><\/p><p><span style=\"font-weight: 400;\"><strong>H\u00c9BERGEUR<\/strong> : Hostinger situ\u00e9 \u00e0 UAB J. Basanavi\u010diaus g. 26, 03224 Vilius LITUANIE joignable par t\u00e9l\u00e9phone : +37064503378 ou sur leur site :<\/span><a href=\"https:\/\/www.hostinger.fr\/contact\"><span style=\"font-weight: 400;\"> https:\/\/www.hostinger.fr\/contact<\/span><\/a><span style=\"font-weight: 400;\">\u00a0\u00a0<\/span><\/p><p><span style=\"font-weight: 400;\"><strong>CONCEPTION ET R\u00e9ALISATION DU SITE<\/strong> : S\u00e9verine Vidon. <\/span><\/p><p>\u00a0<\/p>\t\t\t\t\t\t\t\t<\/div>\n\t\t\t\t<\/div>\n\t\t\t\t\t<\/div>\n\t\t<\/div>\n\t\t\t\t\t<\/div>\n\t\t<\/section>\n\t\t\t\t<\/div>\n\t\t","protected":false},"excerpt":{"rendered":"<p>En vertu de l\u2019Article 6 de la Loi n\u00b02004-575 du 21 juin 2004 pour la Confiance dans l\u2019\u00e9conomie num\u00e9rique, il est pr\u00e9cis\u00e9 aux utilisateurs du site Internet https:\/\/echappeesamericaines.com (ci-apr\u00e8s d\u00e9sign\u00e9 le \u201cSite\u201d) l\u2019identit\u00e9 des diff\u00e9rents intervenants dans le cadre de sa r\u00e9alisation et de son suivi. EDITEUR : Entreprise Individuelle S\u00e9verine Vidon aussi d\u00e9sign\u00e9e sous [&hellip;]<\/p>\n","protected":false},"author":1,"featured_media":0,"parent":0,"menu_order":20,"comment_status":"closed","ping_status":"closed","template":"","meta":{"footnotes":""},"_links":{"self":[{"href":"https:\/\/echappeesamericaines.com\/index.php\/wp-json\/wp\/v2\/pages\/68"}],"collection":[{"href":"https:\/\/echappeesamericaines.com\/index.php\/wp-json\/wp\/v2\/pages"}],"about":[{"href":"https:\/\/echappeesamericaines.com\/index.php\/wp-json\/wp\/v2\/types\/page"}],"author":[{"embeddable":true,"href":"https:\/\/echappeesamericaines.com\/index.php\/wp-json\/wp\/v2\/users\/1"}],"replies":[{"embeddable":true,"href":"https:\/\/echappeesamericaines.com\/index.php\/wp-json\/wp\/v2\/comments?post=68"}],"version-history":[{"count":0,"href":"https:\/\/echappeesamericaines.com\/index.php\/wp-json\/wp\/v2\/pages\/68\/revisions"}],"wp:attachment":[{"href":"https:\/\/echappeesamericaines.com\/index.php\/wp-json\/wp\/v2\/media?parent=68"}],"curies":[{"name":"wp","href":"https:\/\/api.w.org\/{rel}","templated":true}]}}