{"id":70,"date":"2020-10-14T10:59:08","date_gmt":"2020-10-14T09:59:08","guid":{"rendered":"https:\/\/echappeesamericaines.com\/index.php\/politique-de-confidentialite\/"},"modified":"2023-03-22T17:56:36","modified_gmt":"2023-03-22T16:56:36","slug":"politique-de-confidentialite","status":"publish","type":"page","link":"https:\/\/echappeesamericaines.com\/index.php\/politique-de-confidentialite\/","title":{"rendered":"Politique de confidentialit\u00e9"},"content":{"rendered":"\t\t<div data-elementor-type=\"wp-page\" data-elementor-id=\"70\" class=\"elementor elementor-70\" data-elementor-settings=\"{&quot;ha_cmc_init_switcher&quot;:&quot;no&quot;}\">\n\t\t\t\t\t\t<section class=\"elementor-section elementor-top-section elementor-element elementor-element-587e3725 elementor-section-height-min-height elementor-section-boxed elementor-section-height-default elementor-section-items-middle\" data-id=\"587e3725\" data-element_type=\"section\" data-settings=\"{&quot;background_background&quot;:&quot;classic&quot;,&quot;_ha_eqh_enable&quot;:false}\">\n\t\t\t\t\t\t\t<div class=\"elementor-background-overlay\"><\/div>\n\t\t\t\t\t\t\t<div class=\"elementor-container elementor-column-gap-default\">\n\t\t\t\t\t<div class=\"elementor-column elementor-col-100 elementor-top-column elementor-element elementor-element-36501ebd\" data-id=\"36501ebd\" data-element_type=\"column\" data-settings=\"{&quot;background_background&quot;:&quot;classic&quot;}\">\n\t\t\t<div class=\"elementor-widget-wrap elementor-element-populated\">\n\t\t\t\t\t\t<div class=\"elementor-element elementor-element-6a624cbe elementor-widget elementor-widget-heading\" data-id=\"6a624cbe\" data-element_type=\"widget\" data-widget_type=\"heading.default\">\n\t\t\t\t<div class=\"elementor-widget-container\">\n\t\t\t\t\t<h1 class=\"elementor-heading-title elementor-size-medium\">Ins\u00e9rer ici le titre H1 de la page<\/h1>\t\t\t\t<\/div>\n\t\t\t\t<\/div>\n\t\t\t\t\t<\/div>\n\t\t<\/div>\n\t\t\t\t\t<\/div>\n\t\t<\/section>\n\t\t\t\t<section class=\"elementor-section elementor-top-section elementor-element elementor-element-4b6d889d elementor-section-boxed elementor-section-height-default elementor-section-height-default\" data-id=\"4b6d889d\" data-element_type=\"section\" data-settings=\"{&quot;_ha_eqh_enable&quot;:false}\">\n\t\t\t\t\t\t<div class=\"elementor-container elementor-column-gap-default\">\n\t\t\t\t\t<div class=\"elementor-column elementor-col-100 elementor-top-column elementor-element elementor-element-6246457b\" data-id=\"6246457b\" data-element_type=\"column\">\n\t\t\t<div class=\"elementor-widget-wrap elementor-element-populated\">\n\t\t\t\t\t\t<div class=\"elementor-element elementor-element-298ccf8b elementor-widget elementor-widget-text-editor\" data-id=\"298ccf8b\" data-element_type=\"widget\" data-widget_type=\"text-editor.default\">\n\t\t\t\t<div class=\"elementor-widget-container\">\n\t\t\t\t\t\t\t\t\t\n<p>Mise \u00e0 jour le 5\/03\/2023<\/p>\n<p><span style=\"font-weight: 400;\">\u00c9chapp\u00e9es Am\u00e9ricaines collecte et traite des donn\u00e9es \u00e0 caract\u00e8re personnel. Dans cette perspective, \u00c9chapp\u00e9es Am\u00e9ricaines s\u2019engage \u00e0 ce que ses traitements de donn\u00e9es personnelles soient conformes \u00e0 la Loi Informatique et Libert\u00e9s de 1978 ainsi qu&rsquo;au R\u00e8glement Europ\u00e9en n\u00b02016\/679 aussi connu sous l\u2019appellation R\u00e8glement G\u00e9n\u00e9ral sur la Protection des Donn\u00e9es (RGPD).\u00a0<\/span><\/p>\n<h3 class=\"wp-block-heading\"><br \/><br \/><\/h3>\n<ul>\n<li style=\"font-weight: 600;\" aria-level=\"1\">\n<h2><span style=\"font-weight: 600;\">Qui est responsable du traitement des donn\u00e9es ?<\/span><\/h2>\n<\/li>\n<\/ul>\n<h3>\u00a0<\/h3>\n<p><span style=\"font-weight: 400;\">Le Responsable de traitement est l\u2019entreprise individuelle S\u00e9verine Vidon, notamment d\u00e9sign\u00e9 sous son nom commercial \u00c9chapp\u00e9es Am\u00e9ricaines, situ\u00e9e au 27 rue f\u00e9nelon 69006 LYON et immatricul\u00e9e sous le num\u00e9ro de SIRET 92292176200014<\/span><\/p>\n<h3>\u00a0<\/h3>\n<p><span style=\"font-weight: 400;\">Pour toute question ou remarque concernant le traitement des donn\u00e9es r\u00e9alis\u00e9s sur <\/span><a href=\"http:\/\/www.echappeesamericaines.com\/\"><span style=\"font-weight: 400;\">www.echappeesamericaines.com<\/span><\/a><span style=\"font-weight: 400;\"> (ci-apr\u00e8s d\u00e9sign\u00e9 le \u201cSite\u201d) veuillez nous contacter \u00e0 l\u2019adresse email suivante : severine@echappeesamericaines.com<\/span><\/p>\n<h3>\u00a0<\/h3>\n<ul>\n<li style=\"font-weight: 600;\" aria-level=\"1\">\n<h2><span style=\"font-weight: 600;\">Qui est concern\u00e9 par cette Politique de confidentialit\u00e9 ?\u00a0<\/span><\/h2>\n<\/li>\n<\/ul>\n<h3>\u00a0<\/h3>\n<p><span style=\"font-weight: 400;\">La pr\u00e9sente Politique de confidentialit\u00e9 s\u2019adresse aux utilisateurs du Site <\/span><a href=\"http:\/\/www.echappeesamericaines.com\/\"><span style=\"font-weight: 400;\">www.echapp\u00e9es am\u00e9ricaines.com<\/span><\/a><span style=\"font-weight: 400;\">, notamment et sans que cette liste soit exhaustive, lorsque vous souhaitez:<\/span><\/p>\n<p><span style=\"font-weight: 400;\">&#8211; acc\u00e9der aux services propos\u00e9s sur le Site<\/span><\/p>\n<p><span style=\"font-weight: 400;\">&#8211; prendre contact avec l\u2019entreprise via le formulaire de contact<\/span><\/p>\n<p><span style=\"font-weight: 400;\">&#8211; prendre contact avec l\u2019entreprise via l\u2019outil de prise de rendez-vous en ligne Calendly<\/span><\/p>\n<h3>\u00a0<\/h3>\n<ul>\n<li style=\"font-weight: 600;\" aria-level=\"1\">\n<h2><span style=\"font-weight: 600;\">Pour quelles finalit\u00e9s sont collect\u00e9es vos donn\u00e9es et au nom de quelle base juridique ?<\/span><\/h2>\n<\/li>\n<\/ul>\n<h3>\u00a0<\/h3>\n<p><span style=\"font-weight: 400;\">Nous vous informons que nous collectons des donn\u00e9es \u00e0 caract\u00e8re personnel, \u00e0 savoir que les donn\u00e9es \u00e0 caract\u00e8re personnel sont des donn\u00e9es se rapportant \u00e0 une personne physique identifi\u00e9e ou identifiable. Celles-ci sont collect\u00e9es en ligne via les formulaires pr\u00e9vues \u00e0 cet effet sur le Site ainsi que sur Instagram.\u00a0<\/span><\/p>\n<h3>\u00a0<\/h3>\n<p><span style=\"font-weight: 400;\">Vous trouverez ci-dessous une liste non exhaustive des donn\u00e9es collect\u00e9es :\u00a0<\/span><\/p>\n<h3>\u00a0<\/h3>\n<ul>\n<li style=\"font-weight: 400;\" aria-level=\"1\"><span style=\"font-weight: 400;\">Donn\u00e9es d\u2019identit\u00e9 : nom, pr\u00e9nom, \u00e2ge;<\/span><\/li>\n<li style=\"font-weight: 400;\" aria-level=\"1\"><span style=\"font-weight: 400;\">Donn\u00e9es de contact : adresse email, num\u00e9ro de t\u00e9l\u00e9phone, adresse postale;<\/span><\/li>\n<\/ul>\n<h3><br \/><br \/><\/h3>\n<p><span style=\"font-weight: 400;\">Ces donn\u00e9es sont collect\u00e9es afin de permettre, de mani\u00e8re non exhaustive, les activit\u00e9s de traitements suivantes :\u00a0<\/span><\/p>\n<h3>\u00a0<\/h3>\n<ul>\n<li style=\"font-weight: 400;\" aria-level=\"1\"><span style=\"font-weight: 400;\">Cr\u00e9ation du compte client<\/span><\/li>\n<li style=\"font-weight: 400;\" aria-level=\"1\"><span style=\"font-weight: 400;\">Gestion de la relation contractuelle<\/span><\/li>\n<li style=\"font-weight: 400;\" aria-level=\"1\"><span style=\"font-weight: 400;\">R\u00e9alisation de la prestation<\/span><\/li>\n<li style=\"font-weight: 400;\" aria-level=\"1\"><span style=\"font-weight: 400;\">Gestion des litiges<\/span><\/li>\n<\/ul>\n<h3><br \/><br \/><\/h3>\n<p><span style=\"font-weight: 400;\">Les donn\u00e9es sont collect\u00e9es afin de vous permettre d\u2019acc\u00e9der aux services propos\u00e9s par \u00c9chapp\u00e9es Am\u00e9ricaines. Elles peuvent \u00eatre collect\u00e9es conform\u00e9ment \u00e0 votre consentement ou pour r\u00e9pondre aux obligations contractuelles.<\/span><\/p>\n<h3><br \/><br \/><\/h3>\n<ul>\n<li style=\"font-weight: 600;\" aria-level=\"1\">\n<h2><span style=\"font-weight: 600;\">Est-il obligatoire de communiquer vos donn\u00e9es ?<\/span><\/h2>\n<\/li>\n<\/ul>\n<h3>\u00a0<\/h3>\n<p><span style=\"font-weight: 400;\">L\u2019acc\u00e8s aux services propos\u00e9s par \u00c9chapp\u00e9es Am\u00e9ricaines est subordonn\u00e9 \u00e0 la collecte et au traitement de vos donn\u00e9es. \u00c0 d\u00e9faut, il ne sera pas possible de pouvoir y acc\u00e9der.\u00a0<\/span><\/p>\n<h3>\u00a0<\/h3>\n<p><span style=\"font-weight: 400;\">Pour les traitements reposant sur votre consentement, vous avez la possibilit\u00e9 de le retirer \u00e0 tout moment en \u00e9crivant un mail \u00e0 l\u2019adresse suivante : severine@echappeesamericaines.com<\/span><\/p>\n<h3><br \/><br \/><\/h3>\n<ul>\n<li style=\"font-weight: 600;\" aria-level=\"1\">\n<h2><span style=\"font-weight: 600;\">Combien de temps sont conserv\u00e9es vos donn\u00e9es ?<\/span><\/h2>\n<\/li>\n<\/ul>\n<h3>\u00a0<\/h3>\n<p><span style=\"font-weight: 400;\">Vos donn\u00e9es sont conserv\u00e9es le temps n\u00e9cessaire \u00e0 la r\u00e9alisation des op\u00e9rations pour lesquelles elles ont \u00e9t\u00e9 collect\u00e9es et conform\u00e9ment aux dispositions l\u00e9gales et r\u00e9glementaires en vigueur en France. Elles peuvent \u00eatre conserv\u00e9es m\u00eame apr\u00e8s ex\u00e9cution des traitements \u00e0 des fins de preuves, tout en respectant les limites l\u00e9gales obligatoires.\u00a0<\/span><\/p>\n<h3>\u00a0<\/h3>\n<p><span style=\"font-weight: 400;\">En cas de suppression de votre compte personnel, les donn\u00e9es vous concernant sont conserv\u00e9es conform\u00e9ment \u00e0 la r\u00e9glementation en vigueur.<\/span><\/p>\n<h3><br \/><br \/><\/h3>\n<ul>\n<li style=\"font-weight: 600;\" aria-level=\"1\">\n<h2><span style=\"font-weight: 600;\">Est-ce que vos donn\u00e9es personnelles sont transf\u00e9r\u00e9es \u00e0 des tiers ?\u00a0<\/span><\/h2>\n<\/li>\n<\/ul>\n<h3>\u00a0<\/h3>\n<p><span style=\"font-weight: 400;\">Vos donn\u00e9es personnelles ne sont pas partag\u00e9es avec des tiers, \u00c9chapp\u00e9es Am\u00e9ricaines est le seul organisme \u00e0 utiliser vos donn\u00e9es dans le cadre de l\u2019ex\u00e9cution de ses services.<\/span><\/p>\n<h3><br \/><br \/><\/h3>\n<ul>\n<li style=\"font-weight: 600;\" aria-level=\"1\">\n<h2><span style=\"font-weight: 600;\">Est-ce que vos donn\u00e9es personnelles sont envoy\u00e9es hors de l\u2019Union Europ\u00e9enne ?\u00a0<\/span><\/h2>\n<\/li>\n<\/ul>\n<h3>\u00a0<\/h3>\n<p><span style=\"font-weight: 400;\">Nous vous informons que vos donn\u00e9es personnelles ne font pas l\u2019objet d\u2019un transfert hors de l\u2019Union Europ\u00e9enne.\u00a0<\/span><\/p>\n<h3>\u00a0<\/h3>\n<ul>\n<li style=\"font-weight: 600;\" aria-level=\"1\">\n<h2><span style=\"font-weight: 600;\">Quels droits disposez-vous sur vos donn\u00e9es ?<\/span><\/h2>\n<\/li>\n<\/ul>\n<h3>\u00a0<\/h3>\n<p><span style=\"font-weight: 400;\">En application des articles 15 \u00e0 21 du RGPD, vous disposez de plusieurs droits sur vos donn\u00e9es personnelles\u00a0 (droit d\u2019acc\u00e8s, de rectification, \u00e0 la limitation, \u00e0 la portabilit\u00e9, droit d\u2019opposition, \u2026). L\u2019article 40-1 de la loi 78-17 du 6 janvier 1978 vous permet notamment de d\u00e9cider du sort de vos donn\u00e9es en cas de d\u00e9c\u00e8s<\/span><\/p>\n<h3>\u00a0<\/h3>\n<p><span style=\"font-weight: 400;\">La demande peut se faire par email \u00e0 l\u2019adresse : severine@echappeesamericaines.com ou par voie postale : 27 rue F\u00e9nelon 69006 LYON. Pour des raisons de s\u00e9curit\u00e9, \u00c9chapp\u00e9es Am\u00e9ricaines peut \u00eatre amen\u00e9 \u00e0 v\u00e9rifier votre identit\u00e9 avant de r\u00e9pondre \u00e0 votre demande.<\/span><\/p>\n<h3>\u00a0<\/h3>\n<ul>\n<li style=\"font-weight: 600;\" aria-level=\"1\">\n<h2><span style=\"font-weight: 600;\">Cookies<\/span><\/h2>\n<\/li>\n<\/ul>\n<h3>\u00a0<\/h3>\n<p><span style=\"font-weight: 400;\">Nous utilisons des cookies et autres traceurs afin de faciliter et am\u00e9liorer l\u2019utilisation de notre Site et analyser l\u2019audience. Pour permettre certaines fonctionnalit\u00e9s interactives sur notre Site telles que l\u2019acc\u00e8s aux r\u00e9seaux sociaux ou \u00e0 des lecteurs vid\u00e9o, nous utilisons des services fournis par des tiers qui vous exposent \u00e0 des d\u00e9p\u00f4ts de cookies de leur part et qui ne rel\u00e8vent pas de notre responsabilit\u00e9.<\/span><\/p>\n<h3>\u00a0<\/h3>\n<p><span style=\"font-weight: 400;\">Lors de votre premi\u00e8re visite sur notre Site internet, un bandeau cookie vous propose d\u2019accepter ou de refuser tous nos cookies ou de choisir vos pr\u00e9f\u00e9rences parmi eux. Vous \u00eates libres de modifier ce consentement en cliquant de nouveau sur l\u2019ic\u00f4ne du bandeau en bas de l\u2019\u00e9cran et en modifiant vos pr\u00e9f\u00e9rences. Ce bandeau r\u00e9appara\u00eetra tous les 6 mois afin de renouveler votre consentement.\u00a0<\/span><\/p>\n<h3>\u00a0<\/h3>\n<p><span style=\"font-weight: 400;\">Conform\u00e9ment \u00e0 la r\u00e9glementation, nos cookies disposent d\u2019une dur\u00e9e de conservation limit\u00e9e \u00e0 13 mois maximum apr\u00e8s leur premier d\u00e9p\u00f4t sur votre terminal.\u00a0<\/span><\/p>\n<h3><br \/><br \/><\/h3>\n<ul>\n<li style=\"font-weight: 600;\" aria-level=\"1\">\n<h2><span style=\"font-weight: 600;\">\u00c9volution<\/span><\/h2>\n<\/li>\n<\/ul>\n<h3>\u00a0<\/h3>\n<p><span style=\"font-weight: 400;\">Nous nous r\u00e9servons le droit de modifier \u00e0 tout moment la pr\u00e9sente Politique de confidentialit\u00e9. La derni\u00e8re mise \u00e0 jour sera indiqu\u00e9e au d\u00e9but du document et prendra effet lors de sa publication sur le Site.<\/span><\/p>\n<p>\u00a0<\/p>\n<p>\u00a0<\/p>\n<h3>\u00a0<\/h3>\n\t\t\t\t\t\t\t\t<\/div>\n\t\t\t\t<\/div>\n\t\t\t\t\t<\/div>\n\t\t<\/div>\n\t\t\t\t\t<\/div>\n\t\t<\/section>\n\t\t\t\t<\/div>\n\t\t","protected":false},"excerpt":{"rendered":"<p>Mise \u00e0 jour le 5\/03\/2023 \u00c9chapp\u00e9es Am\u00e9ricaines collecte et traite des donn\u00e9es \u00e0 caract\u00e8re personnel. Dans cette perspective, \u00c9chapp\u00e9es Am\u00e9ricaines s\u2019engage \u00e0 ce que ses traitements de donn\u00e9es personnelles soient conformes \u00e0 la Loi Informatique et Libert\u00e9s de 1978 ainsi qu&rsquo;au R\u00e8glement Europ\u00e9en n\u00b02016\/679 aussi connu sous l\u2019appellation R\u00e8glement G\u00e9n\u00e9ral sur la Protection des Donn\u00e9es [&hellip;]<\/p>\n","protected":false},"author":1,"featured_media":0,"parent":0,"menu_order":20,"comment_status":"closed","ping_status":"closed","template":"","meta":{"footnotes":""},"_links":{"self":[{"href":"https:\/\/echappeesamericaines.com\/index.php\/wp-json\/wp\/v2\/pages\/70"}],"collection":[{"href":"https:\/\/echappeesamericaines.com\/index.php\/wp-json\/wp\/v2\/pages"}],"about":[{"href":"https:\/\/echappeesamericaines.com\/index.php\/wp-json\/wp\/v2\/types\/page"}],"author":[{"embeddable":true,"href":"https:\/\/echappeesamericaines.com\/index.php\/wp-json\/wp\/v2\/users\/1"}],"replies":[{"embeddable":true,"href":"https:\/\/echappeesamericaines.com\/index.php\/wp-json\/wp\/v2\/comments?post=70"}],"version-history":[{"count":0,"href":"https:\/\/echappeesamericaines.com\/index.php\/wp-json\/wp\/v2\/pages\/70\/revisions"}],"wp:attachment":[{"href":"https:\/\/echappeesamericaines.com\/index.php\/wp-json\/wp\/v2\/media?parent=70"}],"curies":[{"name":"wp","href":"https:\/\/api.w.org\/{rel}","templated":true}]}}